{"id":76837,"date":"2020-02-06T09:06:18","date_gmt":"2020-02-06T09:06:18","guid":{"rendered":"http:\/\/gator2123.temp.domains\/~twinplay\/twinplay.tech\/quienes-somos\/"},"modified":"2024-03-13T10:26:51","modified_gmt":"2024-03-13T10:26:51","slug":"quienes-somos","status":"publish","type":"page","link":"https:\/\/twinplay.ai\/es\/quienes-somos\/","title":{"rendered":"Qui\u00e9nes somos"},"content":{"rendered":"\t\t<div data-elementor-type=\"wp-page\" data-elementor-id=\"76837\" class=\"elementor elementor-76837 elementor-87\">\n\t\t\t\t\t\t<section class=\"elementor-section elementor-top-section elementor-element elementor-element-206569f elementor-section-boxed elementor-section-height-default elementor-section-height-default elementor-invisible\" data-id=\"206569f\" data-element_type=\"section\" data-e-type=\"section\" data-settings=\"{&quot;animation&quot;:&quot;fadeIn&quot;}\">\n\t\t\t\t\t\t<div class=\"elementor-container elementor-column-gap-default\">\n\t\t\t\t\t<div class=\" elementor-column elementor-col-25 elementor-top-column elementor-element elementor-element-fe45072 elementor-hidden-phone\" data-fullscreen-column-settings=\"{&quot;fullscreen&quot;:&quot;&quot;}\" data-id=\"fe45072\" data-element_type=\"column\" data-e-type=\"column\">\n\t\t\t<div class=\"elementor-widget-wrap\">\n\t\t\t\t\t\t\t<\/div>\n\t\t<\/div>\n\t\t\t\t<div class=\" elementor-column elementor-col-50 elementor-top-column elementor-element elementor-element-d44c838\" data-fullscreen-column-settings=\"{&quot;fullscreen&quot;:&quot;&quot;}\" data-id=\"d44c838\" data-element_type=\"column\" data-e-type=\"column\">\n\t\t\t<div class=\"elementor-widget-wrap elementor-element-populated\">\n\t\t\t\t<div class=\"elementor-element elementor-element-8a57778 e-flex e-con-boxed e-con e-parent\" data-id=\"8a57778\" data-element_type=\"container\" data-e-type=\"container\">\n\t\t\t\t\t<div class=\"e-con-inner\">\n\t\t\t\t<div class=\"elementor-element elementor-element-4fce2a1 e-transform elementor-widget elementor-widget-image\" data-id=\"4fce2a1\" data-element_type=\"widget\" data-e-type=\"widget\" data-settings=\"{&quot;_transform_scale_effect_mobile&quot;:{&quot;unit&quot;:&quot;px&quot;,&quot;size&quot;:0.6999999999999999555910790149937383830547332763671875,&quot;sizes&quot;:[]},&quot;_transform_scale_effect&quot;:{&quot;unit&quot;:&quot;px&quot;,&quot;size&quot;:&quot;&quot;,&quot;sizes&quot;:[]},&quot;_transform_scale_effect_tablet&quot;:{&quot;unit&quot;:&quot;px&quot;,&quot;size&quot;:&quot;&quot;,&quot;sizes&quot;:[]}}\" data-widget_type=\"image.default\">\n\t\t\t\t<div class=\"elementor-widget-container\">\n\t\t\t\t\t\t\t\t\t\t\t\t\t\t\t<img fetchpriority=\"high\" decoding=\"async\" width=\"512\" height=\"512\" src=\"https:\/\/twinplay.ai\/wp-content\/uploads\/2023\/11\/cropped-Fav-Twin-Play-Green.png\" class=\"attachment-full size-full wp-image-76700\" alt=\"cropped-Fav-Twin-Play-Green.png\" srcset=\"https:\/\/twinplay.ai\/wp-content\/uploads\/2023\/11\/cropped-Fav-Twin-Play-Green.png 512w, https:\/\/twinplay.ai\/wp-content\/uploads\/2023\/11\/cropped-Fav-Twin-Play-Green-300x300.png 300w, https:\/\/twinplay.ai\/wp-content\/uploads\/2023\/11\/cropped-Fav-Twin-Play-Green-100x100.png 100w, https:\/\/twinplay.ai\/wp-content\/uploads\/2023\/11\/cropped-Fav-Twin-Play-Green-150x150.png 150w, https:\/\/twinplay.ai\/wp-content\/uploads\/2023\/11\/cropped-Fav-Twin-Play-Green-200x200.png 200w, https:\/\/twinplay.ai\/wp-content\/uploads\/2023\/11\/cropped-Fav-Twin-Play-Green-270x270.png 270w, https:\/\/twinplay.ai\/wp-content\/uploads\/2023\/11\/cropped-Fav-Twin-Play-Green-192x192.png 192w, https:\/\/twinplay.ai\/wp-content\/uploads\/2023\/11\/cropped-Fav-Twin-Play-Green-180x180.png 180w, https:\/\/twinplay.ai\/wp-content\/uploads\/2023\/11\/cropped-Fav-Twin-Play-Green-32x32.png 32w\" sizes=\"(max-width: 512px) 100vw, 512px\" \/>\t\t\t\t\t\t\t\t\t\t\t\t\t\t\t<\/div>\n\t\t\t\t<\/div>\n\t\t\t\t\t<\/div>\n\t\t\t\t<\/div>\n\t\t\t\t<div class=\"elementor-element elementor-element-8b4d975 elementor-widget elementor-widget-litho-heading\" data-id=\"8b4d975\" data-element_type=\"widget\" data-e-type=\"widget\" data-widget_type=\"litho-heading.default\">\n\t\t\t\t<div class=\"elementor-widget-container\">\n\t\t\t\t\t<h5 class=\"litho-heading elementor-size-default\"><span class=\"litho-primary-title\">TwinPlay.ai<\/span><\/h5>\t\t\t\t<\/div>\n\t\t\t\t<\/div>\n\t\t\t\t<div class=\"elementor-element elementor-element-f7bdd8a elementor-widget elementor-widget-litho-heading\" data-id=\"f7bdd8a\" data-element_type=\"widget\" data-e-type=\"widget\" data-widget_type=\"litho-heading.default\">\n\t\t\t\t<div class=\"elementor-widget-container\">\n\t\t\t\t\t<h5 class=\"litho-heading elementor-size-default\"><span class=\"litho-primary-title\">Personas m\u00e1s all\u00e1 de los datos<\/span><\/h5>\t\t\t\t<\/div>\n\t\t\t\t<\/div>\n\t\t\t\t<div class=\"elementor-element elementor-element-f47872b elementor-widget elementor-widget-text-editor\" data-id=\"f47872b\" data-element_type=\"widget\" data-e-type=\"widget\" data-widget_type=\"text-editor.default\">\n\t\t\t\t<div class=\"elementor-widget-container\">\n\t\t\t\t\t\t\t\t\t<p><span style=\"font-weight: 400;\">Nacida en septiembre de 2022 de la ingeniosa mente de nuestro CEO y fundador, Davide Todeschini, TwinPlay.ai es una start-up pionera en el mundo del deporte. <\/span><\/p>\n<p><span style=\"font-weight: 400;\">Durante meses hemos mezclado el mejor baloncesto con la ingenier\u00eda m\u00e1s avanzada para llenar ese vac\u00edo que todos sentimos en el mundo del baloncesto: la falta de datos objetivos.<\/span><\/p>\n\t\t\t\t\t\t\t\t<\/div>\n\t\t\t\t<\/div>\n\t\t\t\t\t<\/div>\n\t\t<\/div>\n\t\t\t\t<div class=\" elementor-column elementor-col-25 elementor-top-column elementor-element elementor-element-94bf2f0 elementor-hidden-phone\" data-fullscreen-column-settings=\"{&quot;fullscreen&quot;:&quot;&quot;}\" data-id=\"94bf2f0\" data-element_type=\"column\" data-e-type=\"column\">\n\t\t\t<div class=\"elementor-widget-wrap\">\n\t\t\t\t\t\t\t<\/div>\n\t\t<\/div>\n\t\t\t\t\t<\/div>\n\t\t<\/section>\n\t\t\t\t<section class=\"elementor-section elementor-top-section elementor-element elementor-element-8b7b8ed elementor-section-boxed elementor-section-height-default elementor-section-height-default elementor-invisible\" data-id=\"8b7b8ed\" data-element_type=\"section\" data-e-type=\"section\" data-settings=\"{&quot;animation&quot;:&quot;fadeIn&quot;}\">\n\t\t\t\t\t\t\t<div class=\"elementor-background-overlay\"><\/div>\n\t\t\t\t\t\t\t<div class=\"elementor-container elementor-column-gap-default\">\n\t\t\t\t\t<div class=\" elementor-column elementor-col-25 elementor-top-column elementor-element elementor-element-9d70782 elementor-hidden-phone\" data-fullscreen-column-settings=\"{&quot;fullscreen&quot;:&quot;&quot;}\" data-id=\"9d70782\" data-element_type=\"column\" data-e-type=\"column\">\n\t\t\t<div class=\"elementor-widget-wrap\">\n\t\t\t\t\t\t\t<\/div>\n\t\t<\/div>\n\t\t\t\t<div class=\" elementor-column elementor-col-50 elementor-top-column elementor-element elementor-element-a5731d9\" data-fullscreen-column-settings=\"{&quot;fullscreen&quot;:&quot;&quot;}\" data-id=\"a5731d9\" data-element_type=\"column\" data-e-type=\"column\">\n\t\t\t<div class=\"elementor-widget-wrap elementor-element-populated\">\n\t\t\t\t\t\t<div class=\"elementor-element elementor-element-e136c3a elementor-widget elementor-widget-litho-heading\" data-id=\"e136c3a\" data-element_type=\"widget\" data-e-type=\"widget\" data-widget_type=\"litho-heading.default\">\n\t\t\t\t<div class=\"elementor-widget-container\">\n\t\t\t\t\t<h5 class=\"litho-heading elementor-size-default\"><span class=\"litho-primary-title\">Visi\u00f3n<\/span><\/h5>\t\t\t\t<\/div>\n\t\t\t\t<\/div>\n\t\t\t\t<div class=\"elementor-element elementor-element-a1d42cf elementor-widget__width-initial elementor-widget elementor-widget-text-editor\" data-id=\"a1d42cf\" data-element_type=\"widget\" data-e-type=\"widget\" data-widget_type=\"text-editor.default\">\n\t\t\t\t<div class=\"elementor-widget-container\">\n\t\t\t\t\t\t\t\t\t<p><span style=\"font-weight: 400;\">La visi\u00f3n de TwinPlay.ai es desarrollar el llamado Gemelo Digital, que da nombre a la empresa, de todos los jugadores, entrenadores y equipos de baloncesto. <\/span><\/p>\n\t\t\t\t\t\t\t\t<\/div>\n\t\t\t\t<\/div>\n\t\t\t\t<div class=\"elementor-element elementor-element-4a77451 elementor-widget elementor-widget-image\" data-id=\"4a77451\" data-element_type=\"widget\" data-e-type=\"widget\" data-widget_type=\"image.default\">\n\t\t\t\t<div class=\"elementor-widget-container\">\n\t\t\t\t\t\t\t\t\t\t\t\t\t\t\t<img decoding=\"async\" width=\"500\" height=\"375\" src=\"https:\/\/twinplay.ai\/wp-content\/uploads\/2024\/02\/TwinPlay.gif\" class=\"attachment-large size-large wp-image-76928\" alt=\"TwinPlay\" \/>\t\t\t\t\t\t\t\t\t\t\t\t\t\t\t<\/div>\n\t\t\t\t<\/div>\n\t\t\t\t<div class=\"elementor-element elementor-element-89df9b8 elementor-widget elementor-widget-litho-heading\" data-id=\"89df9b8\" data-element_type=\"widget\" data-e-type=\"widget\" data-widget_type=\"litho-heading.default\">\n\t\t\t\t<div class=\"elementor-widget-container\">\n\t\t\t\t\t<h5 class=\"litho-heading elementor-size-default\"><span class=\"litho-primary-title\">Misi\u00f3n<\/span><\/h5>\t\t\t\t<\/div>\n\t\t\t\t<\/div>\n\t\t\t\t<div class=\"elementor-element elementor-element-286727f elementor-widget__width-initial elementor-widget elementor-widget-text-editor\" data-id=\"286727f\" data-element_type=\"widget\" data-e-type=\"widget\" data-widget_type=\"text-editor.default\">\n\t\t\t\t<div class=\"elementor-widget-container\">\n\t\t\t\t\t\t\t\t\t<p>Aplicamos la mejor tecnolog\u00eda del sector para proporcionar a entrenadores y jugadores v\u00eddeos y datos significativos. Creemos que los datos deben ser accesibles para todos, a gran escala, y trabajamos constantemente para que as\u00ed sea.<\/p>\n\t\t\t\t\t\t\t\t<\/div>\n\t\t\t\t<\/div>\n\t\t\t\t\t<\/div>\n\t\t<\/div>\n\t\t\t\t<div class=\" elementor-column elementor-col-25 elementor-top-column elementor-element elementor-element-ddc14ac elementor-hidden-phone\" data-fullscreen-column-settings=\"{&quot;fullscreen&quot;:&quot;&quot;}\" data-id=\"ddc14ac\" data-element_type=\"column\" data-e-type=\"column\">\n\t\t\t<div class=\"elementor-widget-wrap\">\n\t\t\t\t\t\t\t<\/div>\n\t\t<\/div>\n\t\t\t\t\t<\/div>\n\t\t<\/section>\n\t\t\t\t<section class=\"elementor-section elementor-top-section elementor-element elementor-element-632d9cad elementor-section-boxed elementor-section-height-default elementor-section-height-default\" data-id=\"632d9cad\" data-element_type=\"section\" data-e-type=\"section\" data-settings=\"{&quot;background_background&quot;:&quot;classic&quot;}\">\n\t\t\t\t\t\t<div class=\"elementor-container elementor-column-gap-default\">\n\t\t\t\t\t<div class=\" elementor-column elementor-col-100 elementor-top-column elementor-element elementor-element-1e2db9e9\" data-fullscreen-column-settings=\"{&quot;fullscreen&quot;:&quot;&quot;}\" data-id=\"1e2db9e9\" data-element_type=\"column\" data-e-type=\"column\">\n\t\t\t<div class=\"elementor-widget-wrap elementor-element-populated\">\n\t\t\t\t\t\t<section class=\"elementor-section elementor-inner-section elementor-element elementor-element-6afafe95 elementor-section-boxed elementor-section-height-default elementor-section-height-default\" data-id=\"6afafe95\" data-element_type=\"section\" data-e-type=\"section\" data-settings=\"{&quot;background_background&quot;:&quot;classic&quot;}\">\n\t\t\t\t\t\t<div class=\"elementor-container elementor-column-gap-default\">\n\t\t\t\t\t<div class=\" elementor-column elementor-col-100 elementor-inner-column elementor-element elementor-element-73e1edb8\" data-fullscreen-column-settings=\"{&quot;fullscreen&quot;:&quot;&quot;}\" data-id=\"73e1edb8\" data-element_type=\"column\" data-e-type=\"column\">\n\t\t\t<div class=\"elementor-widget-wrap elementor-element-populated\">\n\t\t\t\t\t\t<div class=\"elementor-element elementor-element-1c853c64 elementor-widget elementor-widget-litho-heading\" data-id=\"1c853c64\" data-element_type=\"widget\" data-e-type=\"widget\" data-widget_type=\"litho-heading.default\">\n\t\t\t\t<div class=\"elementor-widget-container\">\n\t\t\t\t\t<h5 class=\"litho-heading elementor-size-default\"><span class=\"litho-primary-title\">Nuestros socios<\/span><\/h5>\t\t\t\t<\/div>\n\t\t\t\t<\/div>\n\t\t\t\t<div class=\"elementor-element elementor-element-c3b1882 elementor-arrows-position-inside elementor-widget elementor-widget-litho-testimonial-carousel\" data-id=\"c3b1882\" data-element_type=\"widget\" data-e-type=\"widget\" data-settings=\"{&quot;litho_testimonial_carousel_layout_type&quot;:&quot;testimonial-carousel-style-2&quot;}\" data-widget_type=\"litho-testimonial-carousel.default\">\n\t\t\t\t<div class=\"elementor-widget-container\">\n\t\t\t\t\t\t\t\t\n\t\t\t\n\t\t\t<div class=\"elementor-testimonial-carousel-wrapper swiper testimonial-carousel-style-2 \" data-settings=\"{&quot;navigation&quot;:&quot;arrows&quot;,&quot;autoplay&quot;:&quot;yes&quot;,&quot;autoplay_speed&quot;:3000,&quot;pause_on_hover&quot;:&quot;yes&quot;,&quot;loop&quot;:&quot;yes&quot;,&quot;effect&quot;:&quot;slide&quot;,&quot;speed&quot;:500,&quot;image_spacing&quot;:{&quot;unit&quot;:&quot;px&quot;,&quot;size&quot;:10,&quot;sizes&quot;:[]},&quot;slides_to_show&quot;:&quot;5&quot;,&quot;slides_to_show_mobile&quot;:null,&quot;slides_to_show_tablet&quot;:null,&quot;navigation_dynamic_bullets&quot;:&quot;&quot;,&quot;slides_count&quot;:8}\" data-layout-type=\"testimonial-carousel-style-2\" dir=\"ltr\">\n\t\t\t\t<div class=\"elementor-content-carousel swiper-wrapper\">\n\t\t\t\t\t<div class=\"testimonials-style-2 elementor-repeater-item-6d22e45 swiper-slide\">\n\t\t\t\t\t\t\t\t\t<div class=\"testimonial-wrap\">\t\t\t\t\t\t\t\t\t\t\t\t<img decoding=\"async\" src=\"https:\/\/twinplay.ai\/wp-content\/uploads\/2024\/03\/Sharp-shooter-academy-1-150x150.png\" alt=\"Sharp-shooter-academy.png\"  srcset=\"https:\/\/twinplay.ai\/wp-content\/uploads\/2024\/03\/Sharp-shooter-academy-1-150x150.png 150w, https:\/\/twinplay.ai\/wp-content\/uploads\/2024\/03\/Sharp-shooter-academy-1-300x300.png 300w, https:\/\/twinplay.ai\/wp-content\/uploads\/2024\/03\/Sharp-shooter-academy-1-100x100.png 100w, https:\/\/twinplay.ai\/wp-content\/uploads\/2024\/03\/Sharp-shooter-academy-1-200x200.png 200w, https:\/\/twinplay.ai\/wp-content\/uploads\/2024\/03\/Sharp-shooter-academy-1.png 500w\" sizes=\"(max-width: 150px) 100vw, 150px\"  class=\"testimonial-image\" \/>\t\t\t\t\t\t\t\t\t\t\t<div class=\"testimonials-content-wrap\"><span class=\"testimonial-name\">Sharp Shooter<\/span><\/div>\n\t\t\t\t\t\t\t\t\t<\/div>\n\t\t\t\t\t\t\t\t<\/div><div class=\"testimonials-style-2 elementor-repeater-item-e34ee7a swiper-slide\">\n\t\t\t\t\t\t\t\t\t<div class=\"testimonial-wrap\">\t\t\t\t\t\t\t\t\t\t\t\t<img decoding=\"async\" src=\"https:\/\/twinplay.ai\/wp-content\/uploads\/2024\/03\/Sermoneta-150x150.png\" alt=\"Sermoneta.png\"  srcset=\"https:\/\/twinplay.ai\/wp-content\/uploads\/2024\/03\/Sermoneta-150x150.png 150w, https:\/\/twinplay.ai\/wp-content\/uploads\/2024\/03\/Sermoneta-300x300.png 300w, https:\/\/twinplay.ai\/wp-content\/uploads\/2024\/03\/Sermoneta-100x100.png 100w, https:\/\/twinplay.ai\/wp-content\/uploads\/2024\/03\/Sermoneta-200x200.png 200w, https:\/\/twinplay.ai\/wp-content\/uploads\/2024\/03\/Sermoneta.png 500w\" sizes=\"(max-width: 150px) 100vw, 150px\"  class=\"testimonial-image\" \/>\t\t\t\t\t\t\t\t\t\t\t<div class=\"testimonials-content-wrap\"><span class=\"testimonial-name\">Basket Sermoneta<\/span><\/div>\n\t\t\t\t\t\t\t\t\t<\/div>\n\t\t\t\t\t\t\t\t<\/div><div class=\"testimonials-style-2 elementor-repeater-item-3175a80 swiper-slide\">\n\t\t\t\t\t\t\t\t\t<div class=\"testimonial-wrap\">\t\t\t\t\t\t\t\t\t\t\t\t<img decoding=\"async\" src=\"https:\/\/twinplay.ai\/wp-content\/uploads\/2024\/03\/1-150x150.png\" alt=\"1.png\"  srcset=\"https:\/\/twinplay.ai\/wp-content\/uploads\/2024\/03\/1-150x150.png 150w, https:\/\/twinplay.ai\/wp-content\/uploads\/2024\/03\/1-300x300.png 300w, https:\/\/twinplay.ai\/wp-content\/uploads\/2024\/03\/1-100x100.png 100w, https:\/\/twinplay.ai\/wp-content\/uploads\/2024\/03\/1-200x200.png 200w, https:\/\/twinplay.ai\/wp-content\/uploads\/2024\/03\/1.png 500w\" sizes=\"(max-width: 150px) 100vw, 150px\"  class=\"testimonial-image\" \/>\t\t\t\t\t\t\t\t\t\t\t<div class=\"testimonials-content-wrap\"><span class=\"testimonial-name\">Basket Bottanuco\u200b<\/span><\/div>\n\t\t\t\t\t\t\t\t\t<\/div>\n\t\t\t\t\t\t\t\t<\/div><div class=\"testimonials-style-2 elementor-repeater-item-a027c0e swiper-slide\">\n\t\t\t\t\t\t\t\t\t<div class=\"testimonial-wrap\">\t\t\t\t\t\t\t\t\t\t\t\t<img decoding=\"async\" src=\"https:\/\/twinplay.ai\/wp-content\/uploads\/2024\/03\/Virtus-Pomezia-150x150.png\" alt=\"Virtus-Pomezia.png\"  srcset=\"https:\/\/twinplay.ai\/wp-content\/uploads\/2024\/03\/Virtus-Pomezia-150x150.png 150w, https:\/\/twinplay.ai\/wp-content\/uploads\/2024\/03\/Virtus-Pomezia-300x300.png 300w, https:\/\/twinplay.ai\/wp-content\/uploads\/2024\/03\/Virtus-Pomezia-100x100.png 100w, https:\/\/twinplay.ai\/wp-content\/uploads\/2024\/03\/Virtus-Pomezia-200x200.png 200w, https:\/\/twinplay.ai\/wp-content\/uploads\/2024\/03\/Virtus-Pomezia.png 500w\" sizes=\"(max-width: 150px) 100vw, 150px\"  class=\"testimonial-image\" \/>\t\t\t\t\t\t\t\t\t\t\t<div class=\"testimonials-content-wrap\"><span class=\"testimonial-name\">Virtus Pomezia\u200b<\/span><\/div>\n\t\t\t\t\t\t\t\t\t<\/div>\n\t\t\t\t\t\t\t\t<\/div><div class=\"testimonials-style-2 elementor-repeater-item-6f26b10 swiper-slide\">\n\t\t\t\t\t\t\t\t\t<div class=\"testimonial-wrap\">\t\t\t\t\t\t\t\t\t\t\t\t<img decoding=\"async\" src=\"https:\/\/twinplay.ai\/wp-content\/uploads\/2024\/03\/Brianza-150x150.png\" alt=\"Brianza.png\"  srcset=\"https:\/\/twinplay.ai\/wp-content\/uploads\/2024\/03\/Brianza-150x150.png 150w, https:\/\/twinplay.ai\/wp-content\/uploads\/2024\/03\/Brianza-300x300.png 300w, https:\/\/twinplay.ai\/wp-content\/uploads\/2024\/03\/Brianza-100x100.png 100w, https:\/\/twinplay.ai\/wp-content\/uploads\/2024\/03\/Brianza-200x200.png 200w, https:\/\/twinplay.ai\/wp-content\/uploads\/2024\/03\/Brianza.png 500w\" sizes=\"(max-width: 150px) 100vw, 150px\"  class=\"testimonial-image\" \/>\t\t\t\t\t\t\t\t\t\t\t<div class=\"testimonials-content-wrap\"><span class=\"testimonial-name\">Brianza Basket<\/span><\/div>\n\t\t\t\t\t\t\t\t\t<\/div>\n\t\t\t\t\t\t\t\t<\/div><div class=\"testimonials-style-2 elementor-repeater-item-6a5da96 swiper-slide\">\n\t\t\t\t\t\t\t\t\t<div class=\"testimonial-wrap\">\t\t\t\t\t\t\t\t\t\t\t\t<img decoding=\"async\" src=\"https:\/\/twinplay.ai\/wp-content\/uploads\/2024\/03\/I-150x150.png\" alt=\"I.png\"  srcset=\"https:\/\/twinplay.ai\/wp-content\/uploads\/2024\/03\/I-150x150.png 150w, https:\/\/twinplay.ai\/wp-content\/uploads\/2024\/03\/I-300x300.png 300w, https:\/\/twinplay.ai\/wp-content\/uploads\/2024\/03\/I-100x100.png 100w, https:\/\/twinplay.ai\/wp-content\/uploads\/2024\/03\/I-200x200.png 200w, https:\/\/twinplay.ai\/wp-content\/uploads\/2024\/03\/I.png 500w\" sizes=\"(max-width: 150px) 100vw, 150px\"  class=\"testimonial-image\" \/>\t\t\t\t\t\t\t\t\t\t\t<div class=\"testimonials-content-wrap\"><span class=\"testimonial-name\">Inbound sport<\/span><\/div>\n\t\t\t\t\t\t\t\t\t<\/div>\n\t\t\t\t\t\t\t\t<\/div><div class=\"testimonials-style-2 elementor-repeater-item-03e370f swiper-slide\">\n\t\t\t\t\t\t\t\t\t<div class=\"testimonial-wrap\">\t\t\t\t\t\t\t\t\t\t\t\t<img decoding=\"async\" src=\"https:\/\/twinplay.ai\/wp-content\/uploads\/2024\/03\/Extrapass-logo-1-150x150.png\" alt=\"Extrapass-logo.png\"  srcset=\"https:\/\/twinplay.ai\/wp-content\/uploads\/2024\/03\/Extrapass-logo-1-150x150.png 150w, https:\/\/twinplay.ai\/wp-content\/uploads\/2024\/03\/Extrapass-logo-1-300x300.png 300w, https:\/\/twinplay.ai\/wp-content\/uploads\/2024\/03\/Extrapass-logo-1-100x100.png 100w, https:\/\/twinplay.ai\/wp-content\/uploads\/2024\/03\/Extrapass-logo-1-200x200.png 200w, https:\/\/twinplay.ai\/wp-content\/uploads\/2024\/03\/Extrapass-logo-1.png 500w\" sizes=\"(max-width: 150px) 100vw, 150px\"  class=\"testimonial-image\" \/>\t\t\t\t\t\t\t\t\t\t\t<div class=\"testimonials-content-wrap\"><span class=\"testimonial-name\">ExtraPass<\/span><\/div>\n\t\t\t\t\t\t\t\t\t<\/div>\n\t\t\t\t\t\t\t\t<\/div><div class=\"testimonials-style-2 elementor-repeater-item-7ab78e3 swiper-slide\">\n\t\t\t\t\t\t\t\t\t<div class=\"testimonial-wrap\">\t\t\t\t\t\t\t\t\t\t\t\t<img decoding=\"async\" src=\"https:\/\/twinplay.ai\/wp-content\/uploads\/2024\/03\/BIT-LAB-logo-1-150x150.png\" alt=\"BIT-LAB-logo.png\"  srcset=\"https:\/\/twinplay.ai\/wp-content\/uploads\/2024\/03\/BIT-LAB-logo-1-150x150.png 150w, https:\/\/twinplay.ai\/wp-content\/uploads\/2024\/03\/BIT-LAB-logo-1-300x300.png 300w, https:\/\/twinplay.ai\/wp-content\/uploads\/2024\/03\/BIT-LAB-logo-1-100x100.png 100w, https:\/\/twinplay.ai\/wp-content\/uploads\/2024\/03\/BIT-LAB-logo-1-200x200.png 200w, https:\/\/twinplay.ai\/wp-content\/uploads\/2024\/03\/BIT-LAB-logo-1.png 500w\" sizes=\"(max-width: 150px) 100vw, 150px\"  class=\"testimonial-image\" \/>\t\t\t\t\t\t\t\t\t\t\t<div class=\"testimonials-content-wrap\"><span class=\"testimonial-name\">Bit-Lab<\/span><\/div>\n\t\t\t\t\t\t\t\t\t<\/div>\n\t\t\t\t\t\t\t\t<\/div>\t\t\t\t<\/div>\n\t\t\t\t\t\t\t\t\t\t\t\t\t\t\t\t\t\t\t\t\t\t\t\t\t<div class=\"elementor-swiper-button elementor-swiper-button-prev\">\n\t\t\t\t\t\t\t<svg aria-hidden=\"true\" class=\"e-font-icon-svg e-fa-solid-chevron-left\" viewBox=\"0 0 320 512\" xmlns=\"http:\/\/www.w3.org\/2000\/svg\"><path d=\"M34.52 239.03L228.87 44.69c9.37-9.37 24.57-9.37 33.94 0l22.67 22.67c9.36 9.36 9.37 24.52.04 33.9L131.49 256l154.02 154.75c9.34 9.38 9.32 24.54-.04 33.9l-22.67 22.67c-9.37 9.37-24.57 9.37-33.94 0L34.52 272.97c-9.37-9.37-9.37-24.57 0-33.94z\"><\/path><\/svg>\t\t\t\t\t\t\t<span class=\"elementor-screen-only\">Prev<\/span>\n\t\t\t\t\t\t<\/div>\n\t\t\t\t\t\t<div class=\"elementor-swiper-button elementor-swiper-button-next\">\n\t\t\t\t\t\t\t<svg aria-hidden=\"true\" class=\"e-font-icon-svg e-fa-solid-chevron-right\" viewBox=\"0 0 320 512\" xmlns=\"http:\/\/www.w3.org\/2000\/svg\"><path d=\"M285.476 272.971L91.132 467.314c-9.373 9.373-24.569 9.373-33.941 0l-22.667-22.667c-9.357-9.357-9.375-24.522-.04-33.901L188.505 256 34.484 101.255c-9.335-9.379-9.317-24.544.04-33.901l22.667-22.667c9.373-9.373 24.569-9.373 33.941 0L285.475 239.03c9.373 9.372 9.373 24.568.001 33.941z\"><\/path><\/svg>\t\n\t\t\t\t\t\t\t<span class=\"elementor-screen-only\">Next<\/span>\n\t\t\t\t\t\t<\/div>\n\t\t\t\t\t\t\t\t\t\t\t\t<\/div>\n\t\t\t\t\t\t\t\t\t\t\t\t\t<\/div>\n\t\t\t\t<\/div>\n\t\t\t\t\t<\/div>\n\t\t<\/div>\n\t\t\t\t\t<\/div>\n\t\t<\/section>\n\t\t\t\t<div class=\"elementor-element elementor-element-31655f56 elementor-widget elementor-widget-litho-heading\" data-id=\"31655f56\" data-element_type=\"widget\" data-e-type=\"widget\" data-widget_type=\"litho-heading.default\">\n\t\t\t\t<div class=\"elementor-widget-container\">\n\t\t\t\t\t<h6 class=\"litho-heading elementor-size-default\"><span class=\"litho-primary-title\"><a href=\"https:\/\/twinplay.ai\/es\/pongase-en-contacto-con\/\">\u00bfQuiere ser Embajador? <\/a><\/span><span class=\"litho-secondary-title\">\u00fanete al equipo de TwinPlay.ai<\/span><\/h6>\t\t\t\t<\/div>\n\t\t\t\t<\/div>\n\t\t\t\t<div class=\"elementor-element elementor-element-e07dd4d elementor-align-center elementor-widget elementor-widget-litho-button\" data-id=\"e07dd4d\" data-element_type=\"widget\" data-e-type=\"widget\" data-widget_type=\"litho-button.default\">\n\t\t\t\t<div class=\"elementor-widget-container\">\n\t\t\t\t\t\t\t\t\t<div class=\"elementor-button-wrapper litho-button-wrapper\">\n\t\t\t\t\t<a class=\"elementor-button-link elementor-button elementor-size-md hvr-float-3px \" href=\"https:\/\/twinplay.ai\/es\/pongase-en-contacto-con\/\" role=\"button\">\n\t\t\t\t\t\t\t\t\t<span class=\"elementor-button-content-wrapper\">\n\t\t\t\t\t\t\t\t\t\t\t\t\t<span class=\"elementor-button-text\">CONTACTANOS<\/span>\n\t\t\t\t\t\t\t<\/span>\n\t\t\t\t\t\t\t\t\t<span class=\"screen-reader-text\">Button<\/span>\n\t\t\t\t\t<\/a>\n\t\t\t\t<\/div>\n\t\t\t\t\t\t\t<\/div>\n\t\t\t\t<\/div>\n\t\t\t\t\t<\/div>\n\t\t<\/div>\n\t\t\t\t\t<\/div>\n\t\t<\/section>\n\t\t\t\t<\/div>\n\t\t","protected":false},"excerpt":{"rendered":"<p>TwinPlay.ai Personas m\u00e1s all\u00e1 de los datos Nacida en septiembre de 2022 de la ingeniosa mente de nuestro CEO y fundador, Davide Todeschini, TwinPlay.ai es una start-up pionera en el mundo del deporte. Durante meses hemos mezclado el mejor baloncesto con la ingenier\u00eda m\u00e1s avanzada para llenar ese vac\u00edo que todos sentimos en el mundo [&hellip;]<\/p>\n","protected":false},"author":1,"featured_media":0,"parent":0,"menu_order":9,"comment_status":"closed","ping_status":"closed","template":"","meta":{"nf_dc_page":"","_uf_show_specific_survey":0,"_uf_disable_surveys":false,"footnotes":""},"class_list":["post-76837","page","type-page","status-publish","hentry"],"_links":{"self":[{"href":"https:\/\/twinplay.ai\/es\/wp-json\/wp\/v2\/pages\/76837","targetHints":{"allow":["GET"]}}],"collection":[{"href":"https:\/\/twinplay.ai\/es\/wp-json\/wp\/v2\/pages"}],"about":[{"href":"https:\/\/twinplay.ai\/es\/wp-json\/wp\/v2\/types\/page"}],"author":[{"embeddable":true,"href":"https:\/\/twinplay.ai\/es\/wp-json\/wp\/v2\/users\/1"}],"replies":[{"embeddable":true,"href":"https:\/\/twinplay.ai\/es\/wp-json\/wp\/v2\/comments?post=76837"}],"version-history":[{"count":5,"href":"https:\/\/twinplay.ai\/es\/wp-json\/wp\/v2\/pages\/76837\/revisions"}],"predecessor-version":[{"id":77305,"href":"https:\/\/twinplay.ai\/es\/wp-json\/wp\/v2\/pages\/76837\/revisions\/77305"}],"wp:attachment":[{"href":"https:\/\/twinplay.ai\/es\/wp-json\/wp\/v2\/media?parent=76837"}],"curies":[{"name":"wp","href":"https:\/\/api.w.org\/{rel}","templated":true}]}}